{"id":140,"date":"2020-11-05T18:04:21","date_gmt":"2020-11-05T17:04:21","guid":{"rendered":"https:\/\/sonara.at\/?page_id=140"},"modified":"2020-12-08T21:49:51","modified_gmt":"2020-12-08T20:49:51","slug":"about-2","status":"publish","type":"page","link":"https:\/\/sonara.at\/?page_id=140","title":{"rendered":"About"},"content":{"rendered":"\n<p>Der sonara Verlag wurde 2020 gegr\u00fcndet um B\u00fccher und CDs in Kleinauflagen zu verwirklichen.<\/p>\n\n\n\n<p><strong>Inhaberin: <\/strong><\/p>\n\n\n\n<figure class=\"wp-block-image size-large is-resized\"><img loading=\"lazy\" src=\"https:\/\/sonara.at\/wp-content\/uploads\/2020\/12\/AnitaProfil-1024x903.jpg\" alt=\"\" class=\"wp-image-250\" width=\"208\" height=\"183\" srcset=\"https:\/\/sonara.at\/wp-content\/uploads\/2020\/12\/AnitaProfil-1024x903.jpg 1024w, https:\/\/sonara.at\/wp-content\/uploads\/2020\/12\/AnitaProfil-300x264.jpg 300w, https:\/\/sonara.at\/wp-content\/uploads\/2020\/12\/AnitaProfil-768x677.jpg 768w, https:\/\/sonara.at\/wp-content\/uploads\/2020\/12\/AnitaProfil-1536x1354.jpg 1536w, https:\/\/sonara.at\/wp-content\/uploads\/2020\/12\/AnitaProfil-1140x1005.jpg 1140w, https:\/\/sonara.at\/wp-content\/uploads\/2020\/12\/AnitaProfil.jpg 1815w\" sizes=\"(max-width: 208px) 100vw, 208px\" \/><\/figure>\n\n\n\n<p>Anita W\u00fcrkner<br>geb. 1967 in M\u00f6dling<br>Montessorip\u00e4dagogin, Religionslehrerin<br>Singleiterin f\u00fcr Heilsames Singen<br>Trainerin und Kursleiterin der Franz-Kett-P\u00e4dagogik GSEB<br>lebt im S\u00fcdburgenland<\/p>\n\n\n\n<div class=\"wp-block-image\"><figure class=\"aligncenter size-large is-resized\"><img loading=\"lazy\" src=\"https:\/\/sonara.at\/wp-content\/uploads\/2020\/11\/FusbildRot.jpg\" alt=\"\" class=\"wp-image-191\" width=\"750\" height=\"225\" srcset=\"https:\/\/sonara.at\/wp-content\/uploads\/2020\/11\/FusbildRot.jpg 1000w, https:\/\/sonara.at\/wp-content\/uploads\/2020\/11\/FusbildRot-300x90.jpg 300w, https:\/\/sonara.at\/wp-content\/uploads\/2020\/11\/FusbildRot-768x230.jpg 768w\" sizes=\"(max-width: 750px) 100vw, 750px\" \/><\/figure><\/div>\n","protected":false},"excerpt":{"rendered":"<p>Der sonara Verlag wurde 2020 gegr\u00fcndet um B\u00fccher und CDs in Kleinauflagen zu verwirklichen. Inhaberin: Anita W\u00fcrknergeb. 1967 in M\u00f6dlingMontessorip\u00e4dagogin, ReligionslehrerinSingleiterin f\u00fcr Heilsames SingenTrainerin und Kursleiterin der Franz-Kett-P\u00e4dagogik GSEBlebt im S\u00fcdburgenland<\/p>\n","protected":false},"author":2,"featured_media":0,"parent":0,"menu_order":0,"comment_status":"closed","ping_status":"closed","template":"","meta":{"wp_social_preview_title":"","wp_social_preview_description":"","wp_social_preview_image":0},"_links":{"self":[{"href":"https:\/\/sonara.at\/index.php?rest_route=\/wp\/v2\/pages\/140"}],"collection":[{"href":"https:\/\/sonara.at\/index.php?rest_route=\/wp\/v2\/pages"}],"about":[{"href":"https:\/\/sonara.at\/index.php?rest_route=\/wp\/v2\/types\/page"}],"author":[{"embeddable":true,"href":"https:\/\/sonara.at\/index.php?rest_route=\/wp\/v2\/users\/2"}],"replies":[{"embeddable":true,"href":"https:\/\/sonara.at\/index.php?rest_route=%2Fwp%2Fv2%2Fcomments&post=140"}],"version-history":[{"count":8,"href":"https:\/\/sonara.at\/index.php?rest_route=\/wp\/v2\/pages\/140\/revisions"}],"predecessor-version":[{"id":253,"href":"https:\/\/sonara.at\/index.php?rest_route=\/wp\/v2\/pages\/140\/revisions\/253"}],"wp:attachment":[{"href":"https:\/\/sonara.at\/index.php?rest_route=%2Fwp%2Fv2%2Fmedia&parent=140"}],"curies":[{"name":"wp","href":"https:\/\/api.w.org\/{rel}","templated":true}]}}